{"id":807,"date":"2025-01-18T09:44:12","date_gmt":"2025-01-18T09:44:12","guid":{"rendered":"https:\/\/charifundwp.wowtheme7.com\/?page_id=807"},"modified":"2025-10-29T12:02:33","modified_gmt":"2025-10-29T12:02:33","slug":"contactez-nous","status":"publish","type":"page","link":"https:\/\/liftedconcert.org\/fr\/contactez-nous\/","title":{"rendered":"Contactez-nous"},"content":{"rendered":"<div data-elementor-type=\"wp-page\" data-elementor-id=\"807\" class=\"elementor elementor-807\" data-elementor-post-type=\"page\">\n\t\t\t\t<div class=\"elementor-element elementor-element-7a15683 e-flex e-con-boxed e-con e-parent\" data-id=\"7a15683\" data-element_type=\"container\">\n\t\t\t\t\t<div class=\"e-con-inner\">\n\t\t<div class=\"elementor-element elementor-element-030385f e-con-full e-flex e-con e-child\" data-id=\"030385f\" data-element_type=\"container\">\n\t\t\t\t<div class=\"elementor-element elementor-element-73a5ab0 elementor-align-left elementor-icon-list--layout-traditional elementor-list-item-link-full_width elementor-widget elementor-widget-icon-list\" data-id=\"73a5ab0\" data-element_type=\"widget\" data-widget_type=\"icon-list.default\">\n\t\t\t\t\t\t\t<ul class=\"elementor-icon-list-items\">\n\t\t\t\t\t\t\t<li class=\"elementor-icon-list-item\">\n\t\t\t\t\t\t\t\t\t\t\t<span class=\"elementor-icon-list-icon\">\n\t\t\t\t\t\t\t<i aria-hidden=\"true\" class=\"icon-email\"><\/i>\t\t\t\t\t\t<\/span>\n\t\t\t\t\t\t\t\t\t\t<span class=\"elementor-icon-list-text\">Nous contacter<\/span>\n\t\t\t\t\t\t\t\t\t<\/li>\n\t\t\t\t\t\t<\/ul>\n\t\t\t\t\t\t<\/div>\n\t\t\t\t<div class=\"elementor-element elementor-element-39fd7ce elementor-widget elementor-widget-charifund-heading-title-widget\" data-id=\"39fd7ce\" data-element_type=\"widget\" data-widget_type=\"charifund-heading-title-widget.default\">\n\t\t\t\t<div class=\"elementor-widget-container\">\n\t\t\t\t\t\r\n\t\r\n\r\n<div class=\"section__header p-0 m-0\">\r\n\t<h2 class=\"title-animation\">Nous sommes l\u00e0 pour vous aider<\/h2>\r\n<\/div>\r\n\r\n\t\r\n\r\n             \r\n\t\t\t\t\t\t<\/div>\n\t\t\t\t<\/div>\n\t\t\t\t<div class=\"elementor-element elementor-element-7a3cea3 elementor-widget elementor-widget-heading\" data-id=\"7a3cea3\" data-element_type=\"widget\" data-widget_type=\"heading.default\">\n\t\t\t\t\t<p class=\"elementor-heading-title elementor-size-default\">Vous avez des questions ou souhaitez obtenir plus d'informations ? Contactez-nous et nous vous r\u00e9pondrons dans un d\u00e9lai d'un (1) jour ouvrable.<\/p>\t\t\t\t<\/div>\n\t\t<div class=\"elementor-element elementor-element-9091327 e-con-full e-flex e-con e-child\" data-id=\"9091327\" data-element_type=\"container\">\n\t\t\t\t<div class=\"elementor-element elementor-element-c11a89e elementor-position-left elementor-view-default elementor-mobile-position-top elementor-widget elementor-widget-icon-box\" data-id=\"c11a89e\" data-element_type=\"widget\" data-widget_type=\"icon-box.default\">\n\t\t\t\t\t\t\t<div class=\"elementor-icon-box-wrapper\">\n\n\t\t\t\t\t\t<div class=\"elementor-icon-box-icon\">\n\t\t\t\t<span  class=\"elementor-icon\">\n\t\t\t\t<svg aria-hidden=\"true\" class=\"e-font-icon-svg e-fas-map-marker-alt\" viewbox=\"0 0 384 512\" xmlns=\"http:\/\/www.w3.org\/2000\/svg\"><path d=\"M172.268 501.67C26.97 291.031 0 269.413 0 192 0 85.961 85.961 0 192 0s192 85.961 192 192c0 77.413-26.97 99.031-172.268 309.67-9.535 13.774-29.93 13.773-39.464 0zM192 272c44.183 0 80-35.817 80-80s-35.817-80-80-80-80 35.817-80 80 35.817 80 80 80z\"><\/path><\/svg>\t\t\t\t<\/span>\n\t\t\t<\/div>\n\t\t\t\n\t\t\t\t\t\t<div class=\"elementor-icon-box-content\">\n\n\t\t\t\t\t\t\t\t\t<h6 class=\"elementor-icon-box-title\">\n\t\t\t\t\t\t<span  >\n\t\t\t\t\t\t\tEmplacement\t\t\t\t\t\t<\/span>\n\t\t\t\t\t<\/h6>\n\t\t\t\t\n\t\t\t\t\t\t\t\t\t<p class=\"elementor-icon-box-description\">\n\t\t\t\t\t\tLot 202 Irede, Akpakpa, Cotonou\t\t\t\t\t<\/p>\n\t\t\t\t\n\t\t\t<\/div>\n\t\t\t\n\t\t<\/div>\n\t\t\t\t\t\t<\/div>\n\t\t\t\t<div class=\"elementor-element elementor-element-767c324 elementor-position-left elementor-view-default elementor-mobile-position-top elementor-widget elementor-widget-icon-box\" data-id=\"767c324\" data-element_type=\"widget\" data-widget_type=\"icon-box.default\">\n\t\t\t\t\t\t\t<div class=\"elementor-icon-box-wrapper\">\n\n\t\t\t\t\t\t<div class=\"elementor-icon-box-icon\">\n\t\t\t\t<span  class=\"elementor-icon\">\n\t\t\t\t<svg aria-hidden=\"true\" class=\"e-font-icon-svg e-fas-phone-alt\" viewbox=\"0 0 512 512\" xmlns=\"http:\/\/www.w3.org\/2000\/svg\"><path d=\"M497.39 361.8l-112-48a24 24 0 0 0-28 6.9l-49.6 60.6A370.66 370.66 0 0 1 130.6 204.11l60.6-49.6a23.94 23.94 0 0 0 6.9-28l-48-112A24.16 24.16 0 0 0 122.6.61l-104 24A24 24 0 0 0 0 48c0 256.5 207.9 464 464 464a24 24 0 0 0 23.4-18.6l24-104a24.29 24.29 0 0 0-14.01-27.6z\"><\/path><\/svg>\t\t\t\t<\/span>\n\t\t\t<\/div>\n\t\t\t\n\t\t\t\t\t\t<div class=\"elementor-icon-box-content\">\n\n\t\t\t\t\t\t\t\t\t<h6 class=\"elementor-icon-box-title\">\n\t\t\t\t\t\t<span  >\n\t\t\t\t\t\t\tT\u00e9l\u00e9phone\t\t\t\t\t\t<\/span>\n\t\t\t\t\t<\/h6>\n\t\t\t\t\n\t\t\t\t\t\t\t\t\t<p class=\"elementor-icon-box-description\">\n\t\t\t\t\t\t<a>+229-01 97819850 <\/a>\n\n\n\t\t\t\t\t<\/p>\n\t\t\t\t\n\t\t\t<\/div>\n\t\t\t\n\t\t<\/div>\n\t\t\t\t\t\t<\/div>\n\t\t\t\t<\/div>\n\t\t<div class=\"elementor-element elementor-element-d480ef9 e-con-full e-flex e-con e-child\" data-id=\"d480ef9\" data-element_type=\"container\">\n\t\t\t\t<div class=\"elementor-element elementor-element-172099f elementor-position-left elementor-widget__width-initial elementor-view-default elementor-mobile-position-top elementor-widget elementor-widget-icon-box\" data-id=\"172099f\" data-element_type=\"widget\" data-widget_type=\"icon-box.default\">\n\t\t\t\t\t\t\t<div class=\"elementor-icon-box-wrapper\">\n\n\t\t\t\t\t\t<div class=\"elementor-icon-box-icon\">\n\t\t\t\t<span  class=\"elementor-icon\">\n\t\t\t\t<svg aria-hidden=\"true\" class=\"e-font-icon-svg e-fas-envelope\" viewbox=\"0 0 512 512\" xmlns=\"http:\/\/www.w3.org\/2000\/svg\"><path d=\"M502.3 190.8c3.9-3.1 9.7-.2 9.7 4.7V400c0 26.5-21.5 48-48 48H48c-26.5 0-48-21.5-48-48V195.6c0-5 5.7-7.8 9.7-4.7 22.4 17.4 52.1 39.5 154.1 113.6 21.1 15.4 56.7 47.8 92.2 47.6 35.7.3 72-32.8 92.3-47.6 102-74.1 131.6-96.3 154-113.7zM256 320c23.2.4 56.6-29.2 73.4-41.4 132.7-96.3 142.8-104.7 173.4-128.7 5.8-4.5 9.2-11.5 9.2-18.9v-19c0-26.5-21.5-48-48-48H48C21.5 64 0 85.5 0 112v19c0 7.4 3.4 14.3 9.2 18.9 30.6 23.9 40.7 32.4 173.4 128.7 16.8 12.2 50.2 41.8 73.4 41.4z\"><\/path><\/svg>\t\t\t\t<\/span>\n\t\t\t<\/div>\n\t\t\t\n\t\t\t\t\t\t<div class=\"elementor-icon-box-content\">\n\n\t\t\t\t\t\t\t\t\t<h6 class=\"elementor-icon-box-title\">\n\t\t\t\t\t\t<span  >\n\t\t\t\t\t\t\tCourriel\t\t\t\t\t\t<\/span>\n\t\t\t\t\t<\/h6>\n\t\t\t\t\n\t\t\t\t\t\t\t\t\t<p class=\"elementor-icon-box-description\">\n\t\t\t\t\t\t<a>  info@liftedconcert.org<\/a>\t\t\t\t\t<\/p>\n\t\t\t\t\n\t\t\t<\/div>\n\t\t\t\n\t\t<\/div>\n\t\t\t\t\t\t<\/div>\n\t\t<div class=\"elementor-element elementor-element-3f49981 e-con-full e-flex e-con e-child\" data-id=\"3f49981\" data-element_type=\"container\">\n\t\t\t\t<div class=\"elementor-element elementor-element-49b8491 elementor-position-left elementor-view-default elementor-mobile-position-top elementor-widget elementor-widget-icon-box\" data-id=\"49b8491\" data-element_type=\"widget\" data-widget_type=\"icon-box.default\">\n\t\t\t\t\t\t\t<div class=\"elementor-icon-box-wrapper\">\n\n\t\t\t\t\t\t<div class=\"elementor-icon-box-icon\">\n\t\t\t\t<span  class=\"elementor-icon\">\n\t\t\t\t<svg aria-hidden=\"true\" class=\"e-font-icon-svg e-fas-share-alt\" viewbox=\"0 0 448 512\" xmlns=\"http:\/\/www.w3.org\/2000\/svg\"><path d=\"M352 320c-22.608 0-43.387 7.819-59.79 20.895l-102.486-64.054a96.551 96.551 0 0 0 0-41.683l102.486-64.054C308.613 184.181 329.392 192 352 192c53.019 0 96-42.981 96-96S405.019 0 352 0s-96 42.981-96 96c0 7.158.79 14.13 2.276 20.841L155.79 180.895C139.387 167.819 118.608 160 96 160c-53.019 0-96 42.981-96 96s42.981 96 96 96c22.608 0 43.387-7.819 59.79-20.895l102.486 64.054A96.301 96.301 0 0 0 256 416c0 53.019 42.981 96 96 96s96-42.981 96-96-42.981-96-96-96z\"><\/path><\/svg>\t\t\t\t<\/span>\n\t\t\t<\/div>\n\t\t\t\n\t\t\t\t\t\t<div class=\"elementor-icon-box-content\">\n\n\t\t\t\t\t\t\t\t\t<h6 class=\"elementor-icon-box-title\">\n\t\t\t\t\t\t<span  >\n\t\t\t\t\t\t\t\u00c9v\u00e9nements sociaux\t\t\t\t\t\t<\/span>\n\t\t\t\t\t<\/h6>\n\t\t\t\t\n\t\t\t\t\n\t\t\t<\/div>\n\t\t\t\n\t\t<\/div>\n\t\t\t\t\t\t<\/div>\n\t\t\t\t<div class=\"elementor-element elementor-element-cfcbdf8 elementor-shape-circle e-grid-align-left elementor-grid-0 elementor-widget elementor-widget-social-icons\" data-id=\"cfcbdf8\" data-element_type=\"widget\" data-widget_type=\"social-icons.default\">\n\t\t\t\t\t\t\t<div class=\"elementor-social-icons-wrapper elementor-grid\" role=\"list\">\n\t\t\t\t\t\t\t<span class=\"elementor-grid-item\" role=\"listitem\">\n\t\t\t\t\t<a class=\"elementor-icon elementor-social-icon elementor-social-icon-facebook-f elementor-repeater-item-717ec92\" href=\"#\" target=\"_blank\">\n\t\t\t\t\t\t<span class=\"elementor-screen-only\">Facebook-f<\/span>\n\t\t\t\t\t\t<svg aria-hidden=\"true\" class=\"e-font-icon-svg e-fab-facebook-f\" viewbox=\"0 0 320 512\" xmlns=\"http:\/\/www.w3.org\/2000\/svg\"><path d=\"M279.14 288l14.22-92.66h-88.91v-60.13c0-25.35 12.42-50.06 52.24-50.06h40.42V6.26S260.43 0 225.36 0c-73.22 0-121.08 44.38-121.08 124.72v70.62H22.89V288h81.39v224h100.17V288z\"><\/path><\/svg>\t\t\t\t\t<\/a>\n\t\t\t\t<\/span>\n\t\t\t\t\t\t\t<span class=\"elementor-grid-item\" role=\"listitem\">\n\t\t\t\t\t<a class=\"elementor-icon elementor-social-icon elementor-social-icon-youtube elementor-repeater-item-606f4fc\" href=\"#\" target=\"_blank\">\n\t\t\t\t\t\t<span class=\"elementor-screen-only\">Youtube<\/span>\n\t\t\t\t\t\t<svg aria-hidden=\"true\" class=\"e-font-icon-svg e-fab-youtube\" viewbox=\"0 0 576 512\" xmlns=\"http:\/\/www.w3.org\/2000\/svg\"><path d=\"M549.655 124.083c-6.281-23.65-24.787-42.276-48.284-48.597C458.781 64 288 64 288 64S117.22 64 74.629 75.486c-23.497 6.322-42.003 24.947-48.284 48.597-11.412 42.867-11.412 132.305-11.412 132.305s0 89.438 11.412 132.305c6.281 23.65 24.787 41.5 48.284 47.821C117.22 448 288 448 288 448s170.78 0 213.371-11.486c23.497-6.321 42.003-24.171 48.284-47.821 11.412-42.867 11.412-132.305 11.412-132.305s0-89.438-11.412-132.305zm-317.51 213.508V175.185l142.739 81.205-142.739 81.201z\"><\/path><\/svg>\t\t\t\t\t<\/a>\n\t\t\t\t<\/span>\n\t\t\t\t\t<\/div>\n\t\t\t\t\t\t<\/div>\n\t\t\t\t<\/div>\n\t\t\t\t<\/div>\n\t\t\t\t<div class=\"elementor-element elementor-element-7745ac8 elementor-widget elementor-widget-image\" data-id=\"7745ac8\" data-element_type=\"widget\" data-widget_type=\"image.default\">\n\t\t\t\t\t\t\t\t\t\t\t\t\t\t\t<img fetchpriority=\"high\" decoding=\"async\" width=\"740\" height=\"389\" src=\"https:\/\/liftedconcert.org\/wp-content\/uploads\/2025\/10\/prostratus-contact-us-1024x538.jpg\" class=\"attachment-large size-large wp-image-7812\" alt=\"Contact-us\" srcset=\"\" sizes=\"(max-width: 740px) 100vw, 740px\" data-srcset=\"\" \/>\t\t\t\t\t\t\t\t\t\t\t\t\t\t\t<\/div>\n\t\t\t\t<\/div>\n\t\t<div class=\"elementor-element elementor-element-6d38d02 e-con-full e-flex e-con e-child\" data-id=\"6d38d02\" data-element_type=\"container\">\n\t\t\t\t<div class=\"elementor-element elementor-element-df05f3a elementor-widget elementor-widget-charifund-contact-form-widget\" data-id=\"df05f3a\" data-element_type=\"widget\" data-widget_type=\"charifund-contact-form-widget.default\">\n\t\t\t\t<div class=\"elementor-widget-container\">\n\t\t\t\t\t\n\n\t\n\n\t\t\t<section class=\"volunteer p-0\">\n\t\t\t\t<div class=\"contact__form volunteer__form checkout__form\">\n\t\t\t\t\t<div class=\"volunteer__form-content\">\n\t\t\t\t\t\t<h4 class=\"title-animation\"><h6>Remplissez le formulaire pour nous contacter<\/h6><\/h4>\n\t\t\t\t\t\t<p>Votre adresse e-mail ne sera pas publi\u00e9e.<\/p>\n\t\t\t\t\t<\/div>\n\t\t\t\t\t<div class=\"cta\">\n\t\t\t\t\t\n\t\t\t\t\t\t\n<div class=\"wpcf7 no-js\" id=\"wpcf7-f7936-o1\" lang=\"en-US\" dir=\"ltr\" data-wpcf7-id=\"7936\">\n<div class=\"screen-reader-response\"><p role=\"status\" aria-live=\"polite\" aria-atomic=\"true\"><\/p> <ul><\/ul><\/div>\n<form action=\"\/fr\/wp-json\/wp\/v2\/pages\/807#wpcf7-f7936-o1\" method=\"post\" class=\"wpcf7-form init\" aria-label=\"Contact form\" novalidate=\"novalidate\" data-status=\"init\" data-trp-original-action=\"\/fr\/wp-json\/wp\/v2\/pages\/807#wpcf7-f7936-o1\">\n<fieldset class=\"hidden-fields-container\"><input type=\"hidden\" name=\"_wpcf7\" value=\"7936\" \/><input type=\"hidden\" name=\"_wpcf7_version\" value=\"6.1.3\" \/><input type=\"hidden\" name=\"_wpcf7_locale\" value=\"en_US\" \/><input type=\"hidden\" name=\"_wpcf7_unit_tag\" value=\"wpcf7-f7936-o1\" \/><input type=\"hidden\" name=\"_wpcf7_container_post\" value=\"0\" \/><input type=\"hidden\" name=\"_wpcf7_posted_data_hash\" value=\"\" \/><input type=\"hidden\" name=\"_uacf7_hidden_conditional_fields\" value=\"\" \/>\n<\/fieldset>\n<div class=\"uacf7-form-wrapper-container uacf7-form-7936\"><div class=\"input-single\">\n Nom <span class=\"wpcf7-form-control-wrap\" data-name=\"your-name\"><input size=\"40\" maxlength=\"400\" class=\"wpcf7-form-control wpcf7-text wpcf7-validates-as-required\" autocomplete=\"name\" aria-required=\"true\" aria-invalid=\"false\" value=\"\" type=\"text\" name=\"your-name\" \/><\/span> \n  <i class=\"fa-solid fa-user\"><\/i>\n<\/div>\n\n\n<div class=\"input-single\">\nCourriel <span class=\"wpcf7-form-control-wrap\" data-name=\"your-email\"><input size=\"40\" maxlength=\"400\" class=\"wpcf7-form-control wpcf7-email wpcf7-validates-as-required wpcf7-text wpcf7-validates-as-email\" autocomplete=\"email\" aria-required=\"true\" aria-invalid=\"false\" value=\"\" type=\"email\" name=\"your-email\" \/><\/span> \n<i class=\"fa-envelope\"> <\/i>\n\n<\/div>\n\n<div class=\"input-single\">\nPays \n\t\t\n\t\t\t<span id=\"uacf7_country_select\" class=\"wpcf7-form-control-wrap  uacf7_country_dropdown-625\">\n\n\t\t\t\t<input id=\"uacf7_countries_uacf7_country_dropdown-625\" type=\"text\" class=\"wpcf7-form-control wpcf7-uacf7_country_dropdown uacf7_country_dropdown_with_flag\" aria-invalid=\"false\" name=\"uacf7_country_dropdown-625\">\n\n\t\t\t\t<span> <\/span>\n\n\t\t\t\t<div style=\"display:none;\">\n\t\t\t\t\t<input type=\"hidden\" id=\"uacf7_countries_uacf7_country_dropdown-625_code\" data-countrycodeinput=\"1\"\n\t\t\t\t\t\treadonly=\"readonly\" placeholder=\"Le code pays s\u00e9lectionn\u00e9 appara\u00eetra ici.\" \/>\n\t\t\t\t<\/div>\n\n\t\t\t<\/span>\n\t\t\n\n<i class=\"fa-solid fa-flag\"><\/i>\n<\/div>\n\n\n<div class=\"input-single\">\n Emplacement <span class=\"wpcf7-form-control-wrap\" data-name=\"your-location\"><input size=\"40\" maxlength=\"400\" class=\"wpcf7-form-control wpcf7-text wpcf7-validates-as-required\" aria-required=\"true\" aria-invalid=\"false\" value=\"\" type=\"text\" name=\"your-location\" \/><\/span> \n<i class=\"fa-solid fa-location-pin\"><\/i>\n<\/div>\n\n<div class=\"input-single\">\nt\u00e9l\u00e9phone <span class=\"wpcf7-form-control-wrap\" data-name=\"number\"><input size=\"40\" maxlength=\"400\" class=\"wpcf7-form-control wpcf7-tel wpcf7-validates-as-required wpcf7-text wpcf7-validates-as-tel\" aria-required=\"true\" aria-invalid=\"false\" value=\"\" type=\"tel\" name=\"number\" \/><\/span>\n<i class=\"fa-solid fa-phone\"><\/i>\n<\/div>\n\n\n<div class=\"input-single alter-input\">\n<label> Votre message (facultatif)\n    <span class=\"wpcf7-form-control-wrap\" data-name=\"your-message\"><textarea cols=\"40\" rows=\"10\" maxlength=\"2000\" class=\"wpcf7-form-control wpcf7-textarea\" aria-invalid=\"false\" name=\"your-message\"><\/textarea><\/span> <\/label>\n<i class=\"fa-solid fa-comments\"><\/i>\n<\/div>\n\n<div class=\"form-cta\">\n<button type=\"submit\" aria-label=\"envoyer un message\" title=\"envoyer un message\" class=\"btn--primary\">S'inscrire <i class=\"fa-solid fa-arrow-right\"><\/i><\/button>\n\n<\/div><\/div><div class=\"wpcf7-response-output\" aria-hidden=\"true\"><\/div>\n<input type=\"hidden\" name=\"trp-form-language\" value=\"fr\"\/><\/form>\n<\/div>\n\n\t\t\t\t\t<\/div>\n\t\t\t\t<\/div>\n\t\t\t<\/section>\n\t\n             \n\t\t\t\t\t\t<\/div>\n\t\t\t\t<\/div>\n\t\t\t\t<\/div>\n\t\t\t\t\t<\/div>\n\t\t\t\t<\/div>\n\t\t\t\t<\/div>","protected":false},"excerpt":{"rendered":"<p>Contactez-nous Nous sommes l\u00e0 pour vous aider Vous avez des questions ou besoin de plus d'informations ? Contactez-nous et nous vous r\u00e9pondrons dans un d\u00e9lai d'un (1) jour ouvrable. Adresse Lot 202 Irede, Akpakpa, Cotonou T\u00e9l\u00e9phone +229-01 97819850 E-mail info@liftedconcert.org R\u00e9seaux sociaux Facebook-f Youtube Remplissez le formulaire pour nous contacter Votre adresse e-mail ne sera pas publi\u00e9e. Nom<\/p>","protected":false},"author":1,"featured_media":0,"parent":0,"menu_order":0,"comment_status":"closed","ping_status":"closed","template":"elementor_header_footer","meta":{"inline_featured_image":false,"footnotes":""},"class_list":["post-807","page","type-page","status-publish","hentry"],"yoast_head":"<!-- This site is optimized with the Yoast SEO Premium plugin v26.1 (Yoast SEO v26.3) - https:\/\/yoast.com\/wordpress\/plugins\/seo\/ -->\n<title>Contact Us - The Lifted Concert 2025<\/title>\n<meta name=\"robots\" content=\"index, follow, max-snippet:-1, max-image-preview:large, max-video-preview:-1\" \/>\n<link rel=\"canonical\" href=\"https:\/\/liftedconcert.org\/fr\/contactez-nous\/\" \/>\n<meta property=\"og:locale\" content=\"fr_FR\" \/>\n<meta property=\"og:type\" content=\"article\" \/>\n<meta property=\"og:title\" content=\"Contact Us\" \/>\n<meta property=\"og:description\" content=\"Get In Touch We\u2019re here to help Have questions or need more information? Reach out, and we\u2019ll get back to you within one (1) business day. Location Lot 202 Irede, Akpakpa, Cotonou Phone +229-01 97819850 Email info@liftedconcert.org Socials Facebook-f Youtube Fill Up The Form to Contact Us Your email address will not be published. Name\" \/>\n<meta property=\"og:url\" content=\"https:\/\/liftedconcert.org\/fr\/contactez-nous\/\" \/>\n<meta property=\"og:site_name\" content=\"The Lifted Concert 2025\" \/>\n<meta property=\"article:modified_time\" content=\"2025-10-29T12:02:33+00:00\" \/>\n<meta property=\"og:image\" content=\"https:\/\/liftedconcert.org\/wp-content\/uploads\/2025\/10\/prostratus-contact-us-1024x538.jpg\" \/>\n<meta name=\"twitter:card\" content=\"summary_large_image\" \/>\n<meta name=\"twitter:label1\" content=\"Dur\u00e9e de lecture estim\u00e9e\" \/>\n\t<meta name=\"twitter:data1\" content=\"1 minute\" \/>\n<script type=\"application\/ld+json\" class=\"yoast-schema-graph\">{\"@context\":\"https:\/\/schema.org\",\"@graph\":[{\"@type\":\"WebPage\",\"@id\":\"https:\/\/liftedconcert.org\/fr\/contactez-nous\/\",\"url\":\"https:\/\/liftedconcert.org\/fr\/contactez-nous\/\",\"name\":\"Contact Us - The Lifted Concert 2025\",\"isPartOf\":{\"@id\":\"https:\/\/liftedconcert.org\/fr\/#website\"},\"primaryImageOfPage\":{\"@id\":\"https:\/\/liftedconcert.org\/fr\/contactez-nous\/#primaryimage\"},\"image\":{\"@id\":\"https:\/\/liftedconcert.org\/fr\/contactez-nous\/#primaryimage\"},\"thumbnailUrl\":\"https:\/\/liftedconcert.org\/wp-content\/uploads\/2025\/10\/prostratus-contact-us-1024x538.jpg\",\"datePublished\":\"2025-01-18T09:44:12+00:00\",\"dateModified\":\"2025-10-29T12:02:33+00:00\",\"breadcrumb\":{\"@id\":\"https:\/\/liftedconcert.org\/fr\/contactez-nous\/#breadcrumb\"},\"inLanguage\":\"fr-FR\",\"potentialAction\":[{\"@type\":\"ReadAction\",\"target\":[\"https:\/\/liftedconcert.org\/fr\/contactez-nous\/\"]}]},{\"@type\":\"ImageObject\",\"inLanguage\":\"fr-FR\",\"@id\":\"https:\/\/liftedconcert.org\/fr\/contactez-nous\/#primaryimage\",\"url\":\"https:\/\/liftedconcert.org\/wp-content\/uploads\/2025\/10\/prostratus-contact-us-1024x538.jpg\",\"contentUrl\":\"https:\/\/liftedconcert.org\/wp-content\/uploads\/2025\/10\/prostratus-contact-us-1024x538.jpg\"},{\"@type\":\"BreadcrumbList\",\"@id\":\"https:\/\/liftedconcert.org\/fr\/contactez-nous\/#breadcrumb\",\"itemListElement\":[{\"@type\":\"ListItem\",\"position\":1,\"name\":\"Home\",\"item\":\"https:\/\/liftedconcert.org\/fr\/\"},{\"@type\":\"ListItem\",\"position\":2,\"name\":\"Contact Us\"}]},{\"@type\":\"WebSite\",\"@id\":\"https:\/\/liftedconcert.org\/fr\/#website\",\"url\":\"https:\/\/liftedconcert.org\/fr\/\",\"name\":\"The Lifted Concert 2025\",\"description\":\"IT&#039;S NOT JUST AN EVENT, IT&#039;S AN EXPRESSION\",\"potentialAction\":[{\"@type\":\"SearchAction\",\"target\":{\"@type\":\"EntryPoint\",\"urlTemplate\":\"https:\/\/liftedconcert.org\/fr\/?s={search_term_string}\"},\"query-input\":{\"@type\":\"PropertyValueSpecification\",\"valueRequired\":true,\"valueName\":\"search_term_string\"}}],\"inLanguage\":\"fr-FR\"}]}<\/script>\n<!-- \/ Yoast SEO Premium plugin. -->","yoast_head_json":{"title":"Contactez-nous - Le concert Lifted 2025","robots":{"index":"index","follow":"follow","max-snippet":"max-snippet:-1","max-image-preview":"max-image-preview:large","max-video-preview":"max-video-preview:-1"},"canonical":"https:\/\/liftedconcert.org\/fr\/contactez-nous\/","og_locale":"fr_FR","og_type":"article","og_title":"Contact Us","og_description":"Get In Touch We\u2019re here to help Have questions or need more information? Reach out, and we\u2019ll get back to you within one (1) business day. Location Lot 202 Irede, Akpakpa, Cotonou Phone +229-01 97819850 Email info@liftedconcert.org Socials Facebook-f Youtube Fill Up The Form to Contact Us Your email address will not be published. Name","og_url":"https:\/\/liftedconcert.org\/fr\/contactez-nous\/","og_site_name":"The Lifted Concert 2025","article_modified_time":"2025-10-29T12:02:33+00:00","og_image":[{"url":"https:\/\/liftedconcert.org\/wp-content\/uploads\/2025\/10\/prostratus-contact-us-1024x538.jpg","type":"","width":"","height":""}],"twitter_card":"summary_large_image","twitter_misc":{"Dur\u00e9e de lecture estim\u00e9e":"1 minute"},"schema":{"@context":"https:\/\/schema.org","@graph":[{"@type":"WebPage","@id":"https:\/\/liftedconcert.org\/fr\/contactez-nous\/","url":"https:\/\/liftedconcert.org\/fr\/contactez-nous\/","name":"Contactez-nous - Le concert Lifted 2025","isPartOf":{"@id":"https:\/\/liftedconcert.org\/fr\/#website"},"primaryImageOfPage":{"@id":"https:\/\/liftedconcert.org\/fr\/contactez-nous\/#primaryimage"},"image":{"@id":"https:\/\/liftedconcert.org\/fr\/contactez-nous\/#primaryimage"},"thumbnailUrl":"https:\/\/liftedconcert.org\/wp-content\/uploads\/2025\/10\/prostratus-contact-us-1024x538.jpg","datePublished":"2025-01-18T09:44:12+00:00","dateModified":"2025-10-29T12:02:33+00:00","breadcrumb":{"@id":"https:\/\/liftedconcert.org\/fr\/contactez-nous\/#breadcrumb"},"inLanguage":"fr-FR","potentialAction":[{"@type":"ReadAction","target":["https:\/\/liftedconcert.org\/fr\/contactez-nous\/"]}]},{"@type":"ImageObject","inLanguage":"fr-FR","@id":"https:\/\/liftedconcert.org\/fr\/contactez-nous\/#primaryimage","url":"https:\/\/liftedconcert.org\/wp-content\/uploads\/2025\/10\/prostratus-contact-us-1024x538.jpg","contentUrl":"https:\/\/liftedconcert.org\/wp-content\/uploads\/2025\/10\/prostratus-contact-us-1024x538.jpg"},{"@type":"BreadcrumbList","@id":"https:\/\/liftedconcert.org\/fr\/contactez-nous\/#breadcrumb","itemListElement":[{"@type":"ListItem","position":1,"name":"Home","item":"https:\/\/liftedconcert.org\/fr\/"},{"@type":"ListItem","position":2,"name":"Contact Us"}]},{"@type":"WebSite","@id":"https:\/\/liftedconcert.org\/fr\/#website","url":"https:\/\/liftedconcert.org\/fr\/","name":"Le concert Lifted 2025","description":"CE N'EST PAS SEULEMENT UN \u00c9V\u00c9NEMENT, C'EST UNE FORME D'EXPRESSION","potentialAction":[{"@type":"SearchAction","target":{"@type":"EntryPoint","urlTemplate":"https:\/\/liftedconcert.org\/fr\/?s={search_term_string}"},"query-input":{"@type":"PropertyValueSpecification","valueRequired":true,"valueName":"search_term_string"}}],"inLanguage":"fr-FR"}]}},"_links":{"self":[{"href":"https:\/\/liftedconcert.org\/fr\/wp-json\/wp\/v2\/pages\/807","targetHints":{"allow":["GET"]}}],"collection":[{"href":"https:\/\/liftedconcert.org\/fr\/wp-json\/wp\/v2\/pages"}],"about":[{"href":"https:\/\/liftedconcert.org\/fr\/wp-json\/wp\/v2\/types\/page"}],"author":[{"embeddable":true,"href":"https:\/\/liftedconcert.org\/fr\/wp-json\/wp\/v2\/users\/1"}],"replies":[{"embeddable":true,"href":"https:\/\/liftedconcert.org\/fr\/wp-json\/wp\/v2\/comments?post=807"}],"version-history":[{"count":13,"href":"https:\/\/liftedconcert.org\/fr\/wp-json\/wp\/v2\/pages\/807\/revisions"}],"predecessor-version":[{"id":7942,"href":"https:\/\/liftedconcert.org\/fr\/wp-json\/wp\/v2\/pages\/807\/revisions\/7942"}],"wp:attachment":[{"href":"https:\/\/liftedconcert.org\/fr\/wp-json\/wp\/v2\/media?parent=807"}],"curies":[{"name":"wp","href":"https:\/\/api.w.org\/{rel}","templated":true}]}}