{"id":1343,"date":"2025-01-29T23:03:28","date_gmt":"2025-01-29T23:03:28","guid":{"rendered":"https:\/\/charifundwp.wowtheme7.com\/?page_id=1343"},"modified":"2025-10-29T16:15:41","modified_gmt":"2025-10-29T16:15:41","slug":"details-de-levenement","status":"publish","type":"page","link":"https:\/\/liftedconcert.org\/fr\/details-de-levenement\/","title":{"rendered":"Lifted Concert 2025"},"content":{"rendered":"<div data-elementor-type=\"wp-page\" data-elementor-id=\"1343\" class=\"elementor elementor-1343\" data-elementor-post-type=\"page\">\n\t\t\t\t<div class=\"elementor-element elementor-element-c9716d4 e-flex e-con-boxed e-con e-parent\" data-id=\"c9716d4\" data-element_type=\"container\">\n\t\t\t\t\t<div class=\"e-con-inner\">\n\t\t<div class=\"elementor-element elementor-element-d8af93b e-con-full e-flex e-con e-child\" data-id=\"d8af93b\" data-element_type=\"container\">\n\t\t\t\t<div class=\"elementor-element elementor-element-6a052cf elementor-widget elementor-widget-image\" data-id=\"6a052cf\" data-element_type=\"widget\" data-widget_type=\"image.default\">\n\t\t\t\t\t\t\t\t\t\t\t\t\t\t\t<img fetchpriority=\"high\" decoding=\"async\" width=\"1197\" height=\"1280\" src=\"https:\/\/liftedconcert.org\/wp-content\/uploads\/2025\/10\/571342316_754762344269357_1008749996540084279_n.jpg\" class=\"attachment-full size-full wp-image-7724\" alt=\"Lifted 2025\" srcset=\"https:\/\/liftedconcert.org\/wp-content\/uploads\/2025\/10\/571342316_754762344269357_1008749996540084279_n.jpg 1197w, https:\/\/liftedconcert.org\/wp-content\/uploads\/2025\/10\/571342316_754762344269357_1008749996540084279_n-281x300.jpg 281w, https:\/\/liftedconcert.org\/wp-content\/uploads\/2025\/10\/571342316_754762344269357_1008749996540084279_n-958x1024.jpg 958w, https:\/\/liftedconcert.org\/wp-content\/uploads\/2025\/10\/571342316_754762344269357_1008749996540084279_n-768x821.jpg 768w, https:\/\/liftedconcert.org\/wp-content\/uploads\/2025\/10\/571342316_754762344269357_1008749996540084279_n-600x642.jpg 600w\" sizes=\"(max-width: 1197px) 100vw, 1197px\" \/>\t\t\t\t\t\t\t\t\t\t\t\t\t\t\t<\/div>\n\t\t\t\t<div class=\"elementor-element elementor-element-3968151 elementor-icon-list--layout-inline elementor-list-item-link-full_width elementor-widget elementor-widget-icon-list\" data-id=\"3968151\" data-element_type=\"widget\" data-widget_type=\"icon-list.default\">\n\t\t\t\t\t\t\t<ul class=\"elementor-icon-list-items elementor-inline-items\">\n\t\t\t\t\t\t\t<li class=\"elementor-icon-list-item elementor-inline-item\">\n\t\t\t\t\t\t\t\t\t\t\t<span class=\"elementor-icon-list-icon\">\n\t\t\t\t\t\t\t<svg aria-hidden=\"true\" class=\"e-font-icon-svg e-far-calendar-alt\" viewbox=\"0 0 448 512\" xmlns=\"http:\/\/www.w3.org\/2000\/svg\"><path d=\"M148 288h-40c-6.6 0-12-5.4-12-12v-40c0-6.6 5.4-12 12-12h40c6.6 0 12 5.4 12 12v40c0 6.6-5.4 12-12 12zm108-12v-40c0-6.6-5.4-12-12-12h-40c-6.6 0-12 5.4-12 12v40c0 6.6 5.4 12 12 12h40c6.6 0 12-5.4 12-12zm96 0v-40c0-6.6-5.4-12-12-12h-40c-6.6 0-12 5.4-12 12v40c0 6.6 5.4 12 12 12h40c6.6 0 12-5.4 12-12zm-96 96v-40c0-6.6-5.4-12-12-12h-40c-6.6 0-12 5.4-12 12v40c0 6.6 5.4 12 12 12h40c6.6 0 12-5.4 12-12zm-96 0v-40c0-6.6-5.4-12-12-12h-40c-6.6 0-12 5.4-12 12v40c0 6.6 5.4 12 12 12h40c6.6 0 12-5.4 12-12zm192 0v-40c0-6.6-5.4-12-12-12h-40c-6.6 0-12 5.4-12 12v40c0 6.6 5.4 12 12 12h40c6.6 0 12-5.4 12-12zm96-260v352c0 26.5-21.5 48-48 48H48c-26.5 0-48-21.5-48-48V112c0-26.5 21.5-48 48-48h48V12c0-6.6 5.4-12 12-12h40c6.6 0 12 5.4 12 12v52h128V12c0-6.6 5.4-12 12-12h40c6.6 0 12 5.4 12 12v52h48c26.5 0 48 21.5 48 48zm-48 346V160H48v298c0 3.3 2.7 6 6 6h340c3.3 0 6-2.7 6-6z\"><\/path><\/svg>\t\t\t\t\t\t<\/span>\n\t\t\t\t\t\t\t\t\t\t<span class=\"elementor-icon-list-text\">9 novembre 2025<\/span>\n\t\t\t\t\t\t\t\t\t<\/li>\n\t\t\t\t\t\t\t\t<li class=\"elementor-icon-list-item elementor-inline-item\">\n\t\t\t\t\t\t\t\t\t\t\t<span class=\"elementor-icon-list-icon\">\n\t\t\t\t\t\t\t<svg aria-hidden=\"true\" class=\"e-font-icon-svg e-fas-map-marker-alt\" viewbox=\"0 0 384 512\" xmlns=\"http:\/\/www.w3.org\/2000\/svg\"><path d=\"M172.268 501.67C26.97 291.031 0 269.413 0 192 0 85.961 85.961 0 192 0s192 85.961 192 192c0 77.413-26.97 99.031-172.268 309.67-9.535 13.774-29.93 13.773-39.464 0zM192 272c44.183 0 80-35.817 80-80s-35.817-80-80-80-80 35.817-80 80 35.817 80 80 80z\"><\/path><\/svg>\t\t\t\t\t\t<\/span>\n\t\t\t\t\t\t\t\t\t\t<span class=\"elementor-icon-list-text\">Lot 202 irede, Akpakpa, Cotonou<\/span>\n\t\t\t\t\t\t\t\t\t<\/li>\n\t\t\t\t\t\t<\/ul>\n\t\t\t\t\t\t<\/div>\n\t\t\t\t<div class=\"elementor-element elementor-element-d5076d0 elementor-widget elementor-widget-charifund-heading-title-widget\" data-id=\"d5076d0\" data-element_type=\"widget\" data-widget_type=\"charifund-heading-title-widget.default\">\n\t\t\t\t<div class=\"elementor-widget-container\">\n\t\t\t\t\t\r\n\t\r\n\r\n<div class=\"section__header p-0 m-0\">\r\n\t<h2 class=\"title-animation\">LIFTED 2025 <\/h2>\r\n<\/div>\r\n\r\n\t\r\n\r\n             \r\n\t\t\t\t\t\t<\/div>\n\t\t\t\t<\/div>\n\t\t\t\t<div class=\"elementor-element elementor-element-26e46b9 elementor-widget elementor-widget-heading\" data-id=\"26e46b9\" data-element_type=\"widget\" data-widget_type=\"heading.default\">\n\t\t\t\t\t<p class=\"elementor-heading-title elementor-size-default\">LIFTED 2025 s'annonce comme une exp\u00e9rience extraordinaire, avec la participation de ministres de Dieu passionn\u00e9s par la musique.\n\n\u00ab Pr\u00e9parez-vous pour LIFTED 2025 ! L'\u00e9dition de cette ann\u00e9e s'annonce comme une exp\u00e9rience extraordinaire, avec la participation de ministres de Dieu passionn\u00e9s par la musique. Pr\u00e9parez-vous \u00e0 une rencontre puissante et inoubliable avec Dieu \u00e0 travers la louange et l'adoration. \u00bb<\/p>\t\t\t\t<\/div>\n\t\t\t\t<div class=\"elementor-element elementor-element-ae99f2b elementor-widget elementor-widget-charifund-heading-title-widget\" data-id=\"ae99f2b\" data-element_type=\"widget\" data-widget_type=\"charifund-heading-title-widget.default\">\n\t\t\t\t<div class=\"elementor-widget-container\">\n\t\t\t\t\t\r\n\t\r\n\r\n<div class=\"section__header p-0 m-0\">\r\n\t<h2 class=\"title-animation\">D\u00c9TAILS DU PROGRAMME LIFTED 2025<\/h2>\r\n<\/div>\r\n\r\n\t\r\n\r\n             \r\n\t\t\t\t\t\t<\/div>\n\t\t\t\t<\/div>\n\t\t<div class=\"elementor-element elementor-element-7861672 e-grid e-con-full e-con e-child\" data-id=\"7861672\" data-element_type=\"container\">\n\t\t\t\t<div class=\"elementor-element elementor-element-1a730e4 elementor-icon-list--layout-traditional elementor-list-item-link-full_width elementor-widget elementor-widget-icon-list\" data-id=\"1a730e4\" data-element_type=\"widget\" data-widget_type=\"icon-list.default\">\n\t\t\t\t\t\t\t<ul class=\"elementor-icon-list-items\">\n\t\t\t\t\t\t\t<li class=\"elementor-icon-list-item\">\n\t\t\t\t\t\t\t\t\t\t\t<span class=\"elementor-icon-list-icon\">\n\t\t\t\t\t\t\t<svg xmlns=\"http:\/\/www.w3.org\/2000\/svg\" xmlns:xlink=\"http:\/\/www.w3.org\/1999\/xlink\" fill=\"#000000\" height=\"800px\" width=\"800px\" id=\"Capa_1\" viewbox=\"0 0 224.089 224.089\" xml:space=\"preserve\"><path d=\"M199.062,167.072h-73.15c18.527-21.54,55.571-68.165,55.571-96.617c0-38.288-31.149-69.438-69.438-69.438  s-69.438,31.15-69.438,69.438c0,28.452,37.044,75.077,55.572,96.617H25.027L0,223.072h224.089L199.062,167.072z M77.066,82.003  c-2.786-4.722-4.762-9.935-4.435-16.785c0.581-12.126,9.457-22.141,20.326-22.141c11.175,0,19.087,8.9,19.087,8.9  s8.391-8.9,19.086-8.9c10.87,0,19.745,10.014,20.326,22.141c0.328,6.85-1.643,12.042-4.435,16.785  c-5.601,9.515-34.942,28.569-34.942,28.569S82.631,91.437,77.066,82.003z\"><\/path><\/svg>\t\t\t\t\t\t<\/span>\n\t\t\t\t\t\t\t\t\t\t<span class=\"elementor-icon-list-text\">LIEU : WINNERS CHAPEL INTERNATIONAL, KPONDEHOU<\/span>\n\t\t\t\t\t\t\t\t\t<\/li>\n\t\t\t\t\t\t\t\t<li class=\"elementor-icon-list-item\">\n\t\t\t\t\t\t\t\t\t\t\t<span class=\"elementor-icon-list-icon\">\n\t\t\t\t\t\t\t<svg xmlns=\"http:\/\/www.w3.org\/2000\/svg\" fill=\"#000000\" width=\"800px\" height=\"800px\" viewbox=\"0 0 24 24\" id=\"Layer_1\" data-name=\"Layer 1\"><path d=\"M24,12A12,12,0,0,1,0,12a1,1,0,0,1,2,0A10,10,0,1,0,12,2a1,1,0,0,1,0-2A12.013,12.013,0,0,1,24,12ZM10.277,11H8a1,1,0,0,0,0,2h2.277A1.994,1.994,0,1,0,13,10.277V7a1,1,0,0,0-2,0v3.277A2,2,0,0,0,10.277,11ZM1.827,8.784a1,1,0,1,0-1-1A1,1,0,0,0,1.827,8.784ZM4.221,5.207a1,1,0,1,0-1-1A1,1,0,0,0,4.221,5.207ZM7.779,2.841a1,1,0,1,0-1-1A1,1,0,0,0,7.779,2.841Z\"><\/path><\/svg>\t\t\t\t\t\t<\/span>\n\t\t\t\t\t\t\t\t\t\t<span class=\"elementor-icon-list-text\">TIME: 17H TO 22H<\/span>\n\t\t\t\t\t\t\t\t\t<\/li>\n\t\t\t\t\t\t<\/ul>\n\t\t\t\t\t\t<\/div>\n\t\t\t\t<div class=\"elementor-element elementor-element-bfbb37b elementor-icon-list--layout-traditional elementor-list-item-link-full_width elementor-widget elementor-widget-icon-list\" data-id=\"bfbb37b\" data-element_type=\"widget\" data-widget_type=\"icon-list.default\">\n\t\t\t\t\t\t\t<ul class=\"elementor-icon-list-items\">\n\t\t\t\t\t\t\t<li class=\"elementor-icon-list-item\">\n\t\t\t\t\t\t\t\t\t\t\t<span class=\"elementor-icon-list-icon\">\n\t\t\t\t\t\t\t<svg xmlns=\"http:\/\/www.w3.org\/2000\/svg\" fill=\"#000000\" width=\"800px\" height=\"800px\" viewbox=\"0 0 24 24\"><path d=\"M3,22H21a1,1,0,0,0,1-1V6a1,1,0,0,0-1-1H17V3a1,1,0,0,0-2,0V5H9V3A1,1,0,0,0,7,3V5H3A1,1,0,0,0,2,6V21A1,1,0,0,0,3,22ZM4,7H20v3H4Zm0,5H20v8H4Z\"><\/path><\/svg>\t\t\t\t\t\t<\/span>\n\t\t\t\t\t\t\t\t\t\t<span class=\"elementor-icon-list-text\">DATE : 9 NOVEMBRE 2025<\/span>\n\t\t\t\t\t\t\t\t\t<\/li>\n\t\t\t\t\t\t\t\t<li class=\"elementor-icon-list-item\">\n\t\t\t\t\t\t\t\t\t\t\t<a href=\"https:\/\/liftedconcert.org\/register\/\">\n\n\t\t\t\t\t\t\t\t\t\t\t\t<span class=\"elementor-icon-list-icon\">\n\t\t\t\t\t\t\t<svg xmlns=\"http:\/\/www.w3.org\/2000\/svg\" fill=\"#000000\" width=\"800px\" height=\"800px\" viewbox=\"0 0 16 16\" id=\"register-16px\"><path id=\"Path_184\" data-name=\"Path 184\" d=\"M57.5,41a.5.5,0,0,0-.5.5V43H47V31h2v.5a.5.5,0,0,0,.5.5h5a.5.5,0,0,0,.5-.5V31h2v.5a.5.5,0,0,0,1,0v-1a.5.5,0,0,0-.5-.5H55v-.5A1.5,1.5,0,0,0,53.5,28h-3A1.5,1.5,0,0,0,49,29.5V30H46.5a.5.5,0,0,0-.5.5v13a.5.5,0,0,0,.5.5h11a.5.5,0,0,0,.5-.5v-2A.5.5,0,0,0,57.5,41ZM50,29.5a.5.5,0,0,1,.5-.5h3a.5.5,0,0,1,.5.5V31H50Zm11.854,4.646-2-2a.5.5,0,0,0-.708,0l-6,6A.5.5,0,0,0,53,38.5v2a.5.5,0,0,0,.5.5h2a.5.5,0,0,0,.354-.146l6-6A.5.5,0,0,0,61.854,34.146ZM54,40V38.707l5.5-5.5L60.793,34.5l-5.5,5.5Zm-2,.5a.5.5,0,0,1-.5.5h-2a.5.5,0,0,1,0-1h2A.5.5,0,0,1,52,40.5Zm0-3a.5.5,0,0,1-.5.5h-2a.5.5,0,0,1,0-1h2A.5.5,0,0,1,52,37.5ZM54.5,35h-5a.5.5,0,0,1,0-1h5a.5.5,0,0,1,0,1Z\" transform=\"translate(-46 -28)\"><\/path><\/svg>\t\t\t\t\t\t<\/span>\n\t\t\t\t\t\t\t\t\t\t<span class=\"elementor-icon-list-text\"> S'inscrire<\/span>\n\t\t\t\t\t\t\t\t\t\t\t<\/a>\n\t\t\t\t\t\t\t\t\t<\/li>\n\t\t\t\t\t\t<\/ul>\n\t\t\t\t\t\t<\/div>\n\t\t\t\t<\/div>\n\t\t<div class=\"elementor-element elementor-element-54d99fe e-grid e-con-full e-con e-child\" data-id=\"54d99fe\" data-element_type=\"container\">\n\t\t\t\t<div class=\"elementor-element elementor-element-cb044a4 elementor-widget elementor-widget-image\" data-id=\"cb044a4\" data-element_type=\"widget\" data-widget_type=\"image.default\">\n\t\t\t\t\t\t\t\t\t\t\t\t\t\t\t<img decoding=\"async\" width=\"1197\" height=\"1197\" src=\"https:\/\/liftedconcert.org\/wp-content\/uploads\/2025\/10\/571419095_758329960579262_4615937085784051799_n.jpg\" class=\"attachment-full size-full wp-image-7744\" alt=\"D\u00e9pliant Lifted 2025\" srcset=\"https:\/\/liftedconcert.org\/wp-content\/uploads\/2025\/10\/571419095_758329960579262_4615937085784051799_n.jpg 1197w, https:\/\/liftedconcert.org\/wp-content\/uploads\/2025\/10\/571419095_758329960579262_4615937085784051799_n-300x300.jpg 300w, https:\/\/liftedconcert.org\/wp-content\/uploads\/2025\/10\/571419095_758329960579262_4615937085784051799_n-1024x1024.jpg 1024w, https:\/\/liftedconcert.org\/wp-content\/uploads\/2025\/10\/571419095_758329960579262_4615937085784051799_n-150x150.jpg 150w, https:\/\/liftedconcert.org\/wp-content\/uploads\/2025\/10\/571419095_758329960579262_4615937085784051799_n-768x768.jpg 768w, https:\/\/liftedconcert.org\/wp-content\/uploads\/2025\/10\/571419095_758329960579262_4615937085784051799_n-600x600.jpg 600w, https:\/\/liftedconcert.org\/wp-content\/uploads\/2025\/10\/571419095_758329960579262_4615937085784051799_n-100x100.jpg 100w\" sizes=\"(max-width: 1197px) 100vw, 1197px\" \/>\t\t\t\t\t\t\t\t\t\t\t\t\t\t\t<\/div>\n\t\t\t\t<div class=\"elementor-element elementor-element-6d712fe elementor-widget elementor-widget-image\" data-id=\"6d712fe\" data-element_type=\"widget\" data-widget_type=\"image.default\">\n\t\t\t\t\t\t\t\t\t\t\t\t\t\t\t<img decoding=\"async\" width=\"740\" height=\"740\" src=\"https:\/\/liftedconcert.org\/wp-content\/uploads\/2025\/10\/562078755_743326035412988_3877223312210182328_n-1024x1024.jpg\" class=\"attachment-large size-large wp-image-7746\" alt=\"D\u00e9pliant Lifted 2025\" srcset=\"\" sizes=\"(max-width: 740px) 100vw, 740px\" data-srcset=\"\" \/>\t\t\t\t\t\t\t\t\t\t\t\t\t\t\t<\/div>\n\t\t\t\t<\/div>\n\t\t<div class=\"elementor-element elementor-element-834f104 e-con-full e-flex e-con e-child\" data-id=\"834f104\" data-element_type=\"container\">\n\t\t\t\t<div class=\"elementor-element elementor-element-0de1db6 elementor-widget elementor-widget-charifund-heading-title-widget\" data-id=\"0de1db6\" data-element_type=\"widget\" data-widget_type=\"charifund-heading-title-widget.default\">\n\t\t\t\t<div class=\"elementor-widget-container\">\n\t\t\t\t\t\r\n\t\r\n\r\n<div class=\"help p-0 m-0\">\r\n\t<h2 class=\"title-animation\">Winners Chapel Cotonou sur Google Map <\/h2>\r\n<\/div>\r\n\r\n\t\r\n\r\n             \r\n\t\t\t\t\t\t<\/div>\n\t\t\t\t<\/div>\n\t\t\t\t<div class=\"elementor-element elementor-element-663cd11 elementor-widget elementor-widget-google_maps\" data-id=\"663cd11\" data-element_type=\"widget\" data-widget_type=\"google_maps.default\">\n\t\t\t\t\t\t\t<div class=\"elementor-custom-embed\">\n\t\t\t<iframe loading=\"lazy\"\n\t\t\t\t\tsrc=\"https:\/\/www.google.com\/maps\/embed\/v1\/place?key=AIzaSyA6wRKddxnDLpnw3wGcKGgVDOSePK4OHSM&#038;q=Winners%20Chapel%20Cotonou&#038;zoom=17\"\n\t\t\t\t\ttitle=\"Chapelle des vainqueurs Cotonou\"\n\t\t\t\t\taria-label=\"Chapelle des vainqueurs Cotonou\"\n\t\t\t><\/iframe>\n\t\t<\/div>\n\t\t\t\t\t\t<\/div>\n\t\t<div class=\"elementor-element elementor-element-020048c e-grid e-con-full e-con e-child\" data-id=\"020048c\" data-element_type=\"container\">\n\t\t\t\t<div class=\"elementor-element elementor-element-f86452b elementor-view-default elementor-position-top elementor-mobile-position-top elementor-widget elementor-widget-icon-box\" data-id=\"f86452b\" data-element_type=\"widget\" data-widget_type=\"icon-box.default\">\n\t\t\t\t\t\t\t<div class=\"elementor-icon-box-wrapper\">\n\n\t\t\t\t\t\t<div class=\"elementor-icon-box-icon\">\n\t\t\t\t<a href=\"https:\/\/www.facebook.com\/p\/The-Lifted-Concert-100092067952378\/\" class=\"elementor-icon\" tabindex=\"-1\" aria-label=\"Facebook\">\n\t\t\t\t<svg aria-hidden=\"true\" class=\"e-font-icon-svg e-fab-facebook-f\" viewbox=\"0 0 320 512\" xmlns=\"http:\/\/www.w3.org\/2000\/svg\"><path d=\"M279.14 288l14.22-92.66h-88.91v-60.13c0-25.35 12.42-50.06 52.24-50.06h40.42V6.26S260.43 0 225.36 0c-73.22 0-121.08 44.38-121.08 124.72v70.62H22.89V288h81.39v224h100.17V288z\"><\/path><\/svg>\t\t\t\t<\/a>\n\t\t\t<\/div>\n\t\t\t\n\t\t\t\t\t\t<div class=\"elementor-icon-box-content\">\n\n\t\t\t\t\t\t\t\t\t<h3 class=\"elementor-icon-box-title\">\n\t\t\t\t\t\t<a href=\"https:\/\/www.facebook.com\/p\/The-Lifted-Concert-100092067952378\/\" >\n\t\t\t\t\t\t\tFacebook\t\t\t\t\t\t<\/a>\n\t\t\t\t\t<\/h3>\n\t\t\t\t\n\t\t\t\t\n\t\t\t<\/div>\n\t\t\t\n\t\t<\/div>\n\t\t\t\t\t\t<\/div>\n\t\t\t\t<div class=\"elementor-element elementor-element-ee3cbb5 elementor-view-default elementor-position-top elementor-mobile-position-top elementor-widget elementor-widget-icon-box\" data-id=\"ee3cbb5\" data-element_type=\"widget\" data-widget_type=\"icon-box.default\">\n\t\t\t\t\t\t\t<div class=\"elementor-icon-box-wrapper\">\n\n\t\t\t\t\t\t<div class=\"elementor-icon-box-icon\">\n\t\t\t\t<a href=\"https:\/\/www.youtube.com\/@theliftedconcert\" class=\"elementor-icon\" tabindex=\"-1\" aria-label=\"Youtube\">\n\t\t\t\t<svg aria-hidden=\"true\" class=\"e-font-icon-svg e-fab-youtube\" viewbox=\"0 0 576 512\" xmlns=\"http:\/\/www.w3.org\/2000\/svg\"><path d=\"M549.655 124.083c-6.281-23.65-24.787-42.276-48.284-48.597C458.781 64 288 64 288 64S117.22 64 74.629 75.486c-23.497 6.322-42.003 24.947-48.284 48.597-11.412 42.867-11.412 132.305-11.412 132.305s0 89.438 11.412 132.305c6.281 23.65 24.787 41.5 48.284 47.821C117.22 448 288 448 288 448s170.78 0 213.371-11.486c23.497-6.321 42.003-24.171 48.284-47.821 11.412-42.867 11.412-132.305 11.412-132.305s0-89.438-11.412-132.305zm-317.51 213.508V175.185l142.739 81.205-142.739 81.201z\"><\/path><\/svg>\t\t\t\t<\/a>\n\t\t\t<\/div>\n\t\t\t\n\t\t\t\t\t\t<div class=\"elementor-icon-box-content\">\n\n\t\t\t\t\t\t\t\t\t<h3 class=\"elementor-icon-box-title\">\n\t\t\t\t\t\t<a href=\"https:\/\/www.youtube.com\/@theliftedconcert\" >\n\t\t\t\t\t\t\tYoutube\t\t\t\t\t\t<\/a>\n\t\t\t\t\t<\/h3>\n\t\t\t\t\n\t\t\t\t\n\t\t\t<\/div>\n\t\t\t\n\t\t<\/div>\n\t\t\t\t\t\t<\/div>\n\t\t\t\t<\/div>\n\t\t\t\t<\/div>\n\t\t\t\t<\/div>\n\t\t\t\t\t<\/div>\n\t\t\t\t<\/div>\n\t\t<div class=\"elementor-element elementor-element-ade6ea1 e-flex e-con-boxed e-con e-parent\" data-id=\"ade6ea1\" data-element_type=\"container\">\n\t\t\t\t\t<div class=\"e-con-inner\">\n\t\t\t\t\t<\/div>\n\t\t\t\t<\/div>\n\t\t\t\t<\/div>","protected":false},"excerpt":{"rendered":"<p>9th November 2025 Lot 202 irede, Akpakpa, Cotonou LIFTED 2025 LIFTED 2025 is set to be an extraordinary experience, featuring firebrand music ministers of God. &#8220;Get ready for LIFTED 2025! This year&#8217;s edition is set to be an extraordinary experience, featuring dynamic, firebrand music ministers. Prepare for a powerful and unforgettable encounter with God through<\/p>","protected":false},"author":1,"featured_media":0,"parent":0,"menu_order":0,"comment_status":"closed","ping_status":"closed","template":"","meta":{"inline_featured_image":false,"footnotes":""},"class_list":["post-1343","page","type-page","status-publish","hentry"],"yoast_head":"<!-- This site is optimized with the Yoast SEO Premium plugin v26.1 (Yoast SEO v26.3) - https:\/\/yoast.com\/wordpress\/plugins\/seo\/ -->\n<title>Lifted Concert 2025 - The Lifted Concert 2025<\/title>\n<meta name=\"robots\" content=\"index, follow, max-snippet:-1, max-image-preview:large, max-video-preview:-1\" \/>\n<link rel=\"canonical\" href=\"https:\/\/liftedconcert.org\/fr\/details-de-levenement\/\" \/>\n<meta property=\"og:locale\" content=\"fr_FR\" \/>\n<meta property=\"og:type\" content=\"article\" \/>\n<meta property=\"og:title\" content=\"Lifted Concert 2025\" \/>\n<meta property=\"og:description\" content=\"9th November 2025 Lot 202 irede, Akpakpa, Cotonou LIFTED 2025 LIFTED 2025 is set to be an extraordinary experience, featuring firebrand music ministers of God. &#8220;Get ready for LIFTED 2025! This year&#8217;s edition is set to be an extraordinary experience, featuring dynamic, firebrand music ministers. Prepare for a powerful and unforgettable encounter with God through\" \/>\n<meta property=\"og:url\" content=\"https:\/\/liftedconcert.org\/fr\/details-de-levenement\/\" \/>\n<meta property=\"og:site_name\" content=\"The Lifted Concert 2025\" \/>\n<meta property=\"article:modified_time\" content=\"2025-10-29T16:15:41+00:00\" \/>\n<meta property=\"og:image\" content=\"https:\/\/liftedconcert.org\/wp-content\/uploads\/2025\/10\/571342316_754762344269357_1008749996540084279_n.jpg\" \/>\n<meta name=\"twitter:card\" content=\"summary_large_image\" \/>\n<meta name=\"twitter:label1\" content=\"Dur\u00e9e de lecture estim\u00e9e\" \/>\n\t<meta name=\"twitter:data1\" content=\"1 minute\" \/>\n<script type=\"application\/ld+json\" class=\"yoast-schema-graph\">{\"@context\":\"https:\/\/schema.org\",\"@graph\":[{\"@type\":\"WebPage\",\"@id\":\"https:\/\/liftedconcert.org\/fr\/details-de-levenement\/\",\"url\":\"https:\/\/liftedconcert.org\/fr\/details-de-levenement\/\",\"name\":\"Lifted Concert 2025 - The Lifted Concert 2025\",\"isPartOf\":{\"@id\":\"https:\/\/liftedconcert.org\/fr\/#website\"},\"primaryImageOfPage\":{\"@id\":\"https:\/\/liftedconcert.org\/fr\/details-de-levenement\/#primaryimage\"},\"image\":{\"@id\":\"https:\/\/liftedconcert.org\/fr\/details-de-levenement\/#primaryimage\"},\"thumbnailUrl\":\"https:\/\/liftedconcert.org\/wp-content\/uploads\/2025\/10\/571342316_754762344269357_1008749996540084279_n.jpg\",\"datePublished\":\"2025-01-29T23:03:28+00:00\",\"dateModified\":\"2025-10-29T16:15:41+00:00\",\"breadcrumb\":{\"@id\":\"https:\/\/liftedconcert.org\/fr\/details-de-levenement\/#breadcrumb\"},\"inLanguage\":\"fr-FR\",\"potentialAction\":[{\"@type\":\"ReadAction\",\"target\":[\"https:\/\/liftedconcert.org\/fr\/details-de-levenement\/\"]}]},{\"@type\":\"ImageObject\",\"inLanguage\":\"fr-FR\",\"@id\":\"https:\/\/liftedconcert.org\/fr\/details-de-levenement\/#primaryimage\",\"url\":\"https:\/\/liftedconcert.org\/wp-content\/uploads\/2025\/10\/571342316_754762344269357_1008749996540084279_n.jpg\",\"contentUrl\":\"https:\/\/liftedconcert.org\/wp-content\/uploads\/2025\/10\/571342316_754762344269357_1008749996540084279_n.jpg\"},{\"@type\":\"BreadcrumbList\",\"@id\":\"https:\/\/liftedconcert.org\/fr\/details-de-levenement\/#breadcrumb\",\"itemListElement\":[{\"@type\":\"ListItem\",\"position\":1,\"name\":\"Home\",\"item\":\"https:\/\/liftedconcert.org\/fr\/\"},{\"@type\":\"ListItem\",\"position\":2,\"name\":\"Lifted Concert 2025\"}]},{\"@type\":\"WebSite\",\"@id\":\"https:\/\/liftedconcert.org\/fr\/#website\",\"url\":\"https:\/\/liftedconcert.org\/fr\/\",\"name\":\"The Lifted Concert 2025\",\"description\":\"IT&#039;S NOT JUST AN EVENT, IT&#039;S AN EXPRESSION\",\"potentialAction\":[{\"@type\":\"SearchAction\",\"target\":{\"@type\":\"EntryPoint\",\"urlTemplate\":\"https:\/\/liftedconcert.org\/fr\/?s={search_term_string}\"},\"query-input\":{\"@type\":\"PropertyValueSpecification\",\"valueRequired\":true,\"valueName\":\"search_term_string\"}}],\"inLanguage\":\"fr-FR\"}]}<\/script>\n<!-- \/ Yoast SEO Premium plugin. -->","yoast_head_json":{"title":"Concert Lifted 2025","robots":{"index":"index","follow":"follow","max-snippet":"max-snippet:-1","max-image-preview":"max-image-preview:large","max-video-preview":"max-video-preview:-1"},"canonical":"https:\/\/liftedconcert.org\/fr\/details-de-levenement\/","og_locale":"fr_FR","og_type":"article","og_title":"Lifted Concert 2025","og_description":"9th November 2025 Lot 202 irede, Akpakpa, Cotonou LIFTED 2025 LIFTED 2025 is set to be an extraordinary experience, featuring firebrand music ministers of God. &#8220;Get ready for LIFTED 2025! This year&#8217;s edition is set to be an extraordinary experience, featuring dynamic, firebrand music ministers. Prepare for a powerful and unforgettable encounter with God through","og_url":"https:\/\/liftedconcert.org\/fr\/details-de-levenement\/","og_site_name":"The Lifted Concert 2025","article_modified_time":"2025-10-29T16:15:41+00:00","og_image":[{"url":"https:\/\/liftedconcert.org\/wp-content\/uploads\/2025\/10\/571342316_754762344269357_1008749996540084279_n.jpg","type":"","width":"","height":""}],"twitter_card":"summary_large_image","twitter_misc":{"Dur\u00e9e de lecture estim\u00e9e":"1 minute"},"schema":{"@context":"https:\/\/schema.org","@graph":[{"@type":"WebPage","@id":"https:\/\/liftedconcert.org\/fr\/details-de-levenement\/","url":"https:\/\/liftedconcert.org\/fr\/details-de-levenement\/","name":"Concert Lifted 2025","isPartOf":{"@id":"https:\/\/liftedconcert.org\/fr\/#website"},"primaryImageOfPage":{"@id":"https:\/\/liftedconcert.org\/fr\/details-de-levenement\/#primaryimage"},"image":{"@id":"https:\/\/liftedconcert.org\/fr\/details-de-levenement\/#primaryimage"},"thumbnailUrl":"https:\/\/liftedconcert.org\/wp-content\/uploads\/2025\/10\/571342316_754762344269357_1008749996540084279_n.jpg","datePublished":"2025-01-29T23:03:28+00:00","dateModified":"2025-10-29T16:15:41+00:00","breadcrumb":{"@id":"https:\/\/liftedconcert.org\/fr\/details-de-levenement\/#breadcrumb"},"inLanguage":"fr-FR","potentialAction":[{"@type":"ReadAction","target":["https:\/\/liftedconcert.org\/fr\/details-de-levenement\/"]}]},{"@type":"ImageObject","inLanguage":"fr-FR","@id":"https:\/\/liftedconcert.org\/fr\/details-de-levenement\/#primaryimage","url":"https:\/\/liftedconcert.org\/wp-content\/uploads\/2025\/10\/571342316_754762344269357_1008749996540084279_n.jpg","contentUrl":"https:\/\/liftedconcert.org\/wp-content\/uploads\/2025\/10\/571342316_754762344269357_1008749996540084279_n.jpg"},{"@type":"BreadcrumbList","@id":"https:\/\/liftedconcert.org\/fr\/details-de-levenement\/#breadcrumb","itemListElement":[{"@type":"ListItem","position":1,"name":"Home","item":"https:\/\/liftedconcert.org\/fr\/"},{"@type":"ListItem","position":2,"name":"Lifted Concert 2025"}]},{"@type":"WebSite","@id":"https:\/\/liftedconcert.org\/fr\/#website","url":"https:\/\/liftedconcert.org\/fr\/","name":"Le concert Lifted 2025","description":"CE N'EST PAS SEULEMENT UN \u00c9V\u00c9NEMENT, C'EST UNE FORME D'EXPRESSION","potentialAction":[{"@type":"SearchAction","target":{"@type":"EntryPoint","urlTemplate":"https:\/\/liftedconcert.org\/fr\/?s={search_term_string}"},"query-input":{"@type":"PropertyValueSpecification","valueRequired":true,"valueName":"search_term_string"}}],"inLanguage":"fr-FR"}]}},"_links":{"self":[{"href":"https:\/\/liftedconcert.org\/fr\/wp-json\/wp\/v2\/pages\/1343","targetHints":{"allow":["GET"]}}],"collection":[{"href":"https:\/\/liftedconcert.org\/fr\/wp-json\/wp\/v2\/pages"}],"about":[{"href":"https:\/\/liftedconcert.org\/fr\/wp-json\/wp\/v2\/types\/page"}],"author":[{"embeddable":true,"href":"https:\/\/liftedconcert.org\/fr\/wp-json\/wp\/v2\/users\/1"}],"replies":[{"embeddable":true,"href":"https:\/\/liftedconcert.org\/fr\/wp-json\/wp\/v2\/comments?post=1343"}],"version-history":[{"count":30,"href":"https:\/\/liftedconcert.org\/fr\/wp-json\/wp\/v2\/pages\/1343\/revisions"}],"predecessor-version":[{"id":7976,"href":"https:\/\/liftedconcert.org\/fr\/wp-json\/wp\/v2\/pages\/1343\/revisions\/7976"}],"wp:attachment":[{"href":"https:\/\/liftedconcert.org\/fr\/wp-json\/wp\/v2\/media?parent=1343"}],"curies":[{"name":"wp","href":"https:\/\/api.w.org\/{rel}","templated":true}]}}